{"id":278,"date":"2023-05-06T20:07:33","date_gmt":"2023-05-06T20:07:33","guid":{"rendered":"https:\/\/apprendreaprier.net\/test\/edo\/?page_id=278"},"modified":"2023-05-06T20:46:19","modified_gmt":"2023-05-06T20:46:19","slug":"les-enseignements-du-pere-caffarel","status":"publish","type":"page","link":"https:\/\/apprendreaprier.net\/test\/edo\/les-enseignements-du-pere-caffarel\/","title":{"rendered":"Les enseignements du P\u00e8re Caffarel"},"content":{"rendered":"\n<h2 class=\"wp-block-heading has-text-align-center\" id=\"les-enregistrements-audios\">Les enregistrements audios<\/h2>\n\n\n\n<hr class=\"wp-block-separator has-text-color has-luminous-vivid-orange-color has-alpha-channel-opacity has-luminous-vivid-orange-background-color has-background\"\/>\n\n\n\n<h3 class=\"wp-block-heading\" id=\"cinq-conferences\">Cinq conf\u00e9rences<\/h3>\n\n\n\n<p>Renouvelant une exp\u00e9rience faite \u00e0 Paris en 1978, qui avait rassembl\u00e9 neuf cents personnes au Palais des Congr\u00e8s, le P\u00e8re Henri Caffarel, directeur des \u00ab&nbsp;Cahiers sur l\u2019oraison&nbsp;\u00bb et de la Maison de Pri\u00e8re de Troussures, a anim\u00e9 en Novembre et D\u00e9cembre 1979, dans la grande salle parisienne de la Mutualit\u00e9, cinq soir\u00e9es sur l\u2019oraison.<\/p>\n\n\n\n<p>Plus de quinze cents personnes ont particip\u00e9 \u00e0 chacune des soir\u00e9es&nbsp;: hommes, femmes, de nombreux couples, un tiers environ de jeunes\u2026 Venant la plupart de Paris, mais aussi d\u2019un rayon de deux cents kilom\u00e8tres \u00e0 la ronde (Reims, Chartres, Beauvais, Orl\u00e9ans\u2026.).<br><\/p>\n\n\n\n<h3 class=\"wp-block-heading\" id=\"structure-des-soirees\">Structure des soir\u00e9es<\/h3>\n\n\n\n<p>Chaque soir\u00e9e comportait trois entretiens de dix \u00e0 vingt minutes chacun, traitant des fondements doctrinaux de l\u2019oraison, de la pratique de la pri\u00e8re int\u00e9rieure (sans omettre les aspects psychophysiologiques), de la participation du corps \u00e0 la pri\u00e8re\u2026<\/p>\n\n\n\n<p>En cours de soir\u00e9e, un temps fort&nbsp;: dix minutes de pri\u00e8re silencieuse d\u2019une rare intensit\u00e9.<\/p>\n\n\n\n<p>A la fin de la r\u00e9union, un homme ou une femme venait dire la place et l\u2019influence de l\u2019oraison dans sa vie.<\/p>\n\n\n\n<h3 class=\"wp-block-heading\" id=\"enregistrement-des-soirees\">Enregistrement des soir\u00e9es<\/h3>\n\n\n\n<p>Un enregistrement de ces soir\u00e9es a \u00e9t\u00e9 r\u00e9alis\u00e9. Les fichiers que voici les reproduisent int\u00e9gralement (seules les dix minutes de pri\u00e8re silencieuse ont \u00e9t\u00e9 abr\u00e9g\u00e9es).<\/p>\n\n\n\n<p>L\u2019enregistrement effectu\u00e9 sur place n\u2019a \u00e9videmment pas la qualit\u00e9 technique d\u2019un enregistrement en studio.<\/p>\n\n\n\n<p>Il a \u00e9t\u00e9 segment\u00e9 en quatorze fichiers.<\/p>\n\n\n\n<h3 class=\"wp-block-heading\" id=\"comment-ecouter-ces-causeries\">Comment \u00e9couter ces causeries?<\/h3>\n\n\n\n<p>Certains souhaiteront les \u00e9couter chez eux. D\u2019autres les feront entendre dans des rencontres de lyc\u00e9ens ou d\u2019\u00e9tudiants, des r\u00e9unions de s\u00e9minaristes ou de novices, \u00e0 l\u2019int\u00e9rieur de groupes de pri\u00e8re ou dans des sessions d\u2019&nbsp;\u00ab&nbsp;\u00e9coles d\u2019oraison&nbsp;\u00bb\u2026.<\/p>\n\n\n\n<p>Diff\u00e9rentes formules sont possibles : \u00e9couter l\u2019enregistrement d\u2019une soir\u00e9e dans son ensemble, vivre les dix minutes de pri\u00e8re silencieuse et, \u00e0 la fin ou lors d\u2019une r\u00e9union suivante, partager en petits groupes ce qu\u2019on aura d\u00e9couvert ; ou bien \u00e9couter un seul entretien et \u00e9changer ensuite.<\/p>\n\n\n\n<p>Cette audition peut \u00eatre accompagn\u00e9e, comme ce fut le cas \u00e0 la Mutualit\u00e9, de la projection de diapositives.<\/p>\n\n\n\n<h4 class=\"wp-block-heading\" id=\"1ere-soiree\">1\u00e8re soir\u00e9e :<\/h4>\n\n\n\n<p>1. Le \u00ab&nbsp;c\u0153ur nouveau&nbsp;\u00bb<br>2. L\u2019oraison, rencontre du Christ<br>3. Attitudes expressives (diapos 1 \u00e0 7)<\/p>\n\n\n\n<figure class=\"wp-block-audio\"><audio controls src=\"https:\/\/apprendreaprier.net\/test\/edo\/wp-content\/uploads\/2023\/05\/Caffarel-01-Le-coeur-nouveau-et-l-oraison-rencontre-du-Christ.mp3\"><\/audio><\/figure>\n\n\n\n<h4 class=\"wp-block-heading\" id=\"2eme-soiree\"><a><\/a>2\u00e8me soir\u00e9e :<\/h4>\n\n\n\n<p>1. Conduite de l\u2019oraison<br>2. La pri\u00e8re du Christ<br>3. Attitudes de stabilit\u00e9 et d\u2019\u00e9veil (diapos 8 \u00e0 13)<\/p>\n\n\n\n<figure class=\"wp-block-audio\"><audio controls src=\"https:\/\/apprendreaprier.net\/test\/edo\/wp-content\/uploads\/2023\/05\/Caffarel-02-Conduite-de-l-oraison-et-la-priere-du-Christ-attitudes-de-stabilite-et-d-eveil.mp3\"><\/audio><\/figure>\n\n\n\n<h4 class=\"wp-block-heading\" id=\"3eme-soiree\"><a><\/a>3\u00e8me soir\u00e9e :<\/h4>\n\n\n\n<p>1. Le Christ prie en moi<br>2. Une lecture d\u2019\u00e9vangile<br>3. Pr\u00e9paration, d\u00e9but et fin de l\u2019oraison<\/p>\n\n\n\n<figure class=\"wp-block-audio\"><audio controls src=\"https:\/\/apprendreaprier.net\/test\/edo\/wp-content\/uploads\/2023\/05\/Caffarel-03-Le-Christ-prie-en-moi-Une-lecture-de-l-Evangile-preparation-debut-et-fin-de-l-oraison.mp3\"><\/audio><\/figure>\n\n\n\n<h4 class=\"wp-block-heading\" id=\"4eme-soiree\"><a><\/a>4\u00e8me soir\u00e9e :<\/h4>\n\n\n\n<p>1. Les grandes attitudes spirituelles en face de Dieu<br>2. Structure de la personnalit\u00e9 (diapo 14)<br>3. Les ondes c\u00e9r\u00e9brales (diapo 15)<\/p>\n\n\n\n<figure class=\"wp-block-audio\"><audio controls src=\"https:\/\/apprendreaprier.net\/test\/edo\/wp-content\/uploads\/2023\/05\/Caffarel-04-Les-attitudes-spirituelles-face-a-Dieu.mp3\"><\/audio><\/figure>\n\n\n\n<h4 class=\"wp-block-heading\" id=\"5eme-soiree\"><a><\/a>5\u00e8me soir\u00e9e :<\/h4>\n\n\n\n<p>1. Vivre sa pri\u00e8re et prier sa vie<br>2. Prier en \u00c9glise<br>3. Prier ou p\u00e9rir<\/p>\n\n\n\n<figure class=\"wp-block-audio\"><audio controls src=\"https:\/\/apprendreaprier.net\/test\/edo\/wp-content\/uploads\/2023\/05\/Caffarel-05-Vivre-sa-priere-et-prier-sa-vie.mp3\"><\/audio><\/figure>\n\n\n\n<div style=\"height:40px\" aria-hidden=\"true\" class=\"wp-block-spacer\"><\/div>\n\n\n\n<h2 class=\"wp-block-heading has-text-align-center\" id=\"quelques-textes\">Quelques textes<\/h2>\n\n\n\n<hr class=\"wp-block-separator has-text-color has-luminous-vivid-orange-color has-alpha-channel-opacity has-luminous-vivid-orange-background-color has-background\"\/>\n\n\n\n<p>Cahiers sur l&rsquo;oraison: \u00a9 Copyright avec l\u2019aimable autorisation de Mlle Danielle Waguet, autrefois collaboratrice du P\u00e8re Henri Caffarel \u00e0 Troussures.<\/p>\n\n\n\n<h3 class=\"wp-block-heading\" id=\"l-oraison-comment\">L&rsquo;oraison, comment ?<\/h3>\n\n\n\n<div data-wp-interactive=\"core\/file\" class=\"wp-block-file\"><object data-wp-bind--hidden=\"!state.hasPdfPreview\" hidden class=\"wp-block-file__embed\" data=\"https:\/\/apprendreaprier.net\/test\/edo\/wp-content\/uploads\/2023\/05\/oraisoncomment.pdf\" type=\"application\/pdf\" style=\"width:100%;height:300px\" aria-label=\"Contenu embarqu\u00e9 L&apos;oraison : comment ?.\"><\/object><a id=\"wp-block-file--media-f931b3e4-8468-43aa-b9d9-ba040a86a1fc\" href=\"https:\/\/apprendreaprier.net\/test\/edo\/wp-content\/uploads\/2023\/05\/oraisoncomment.pdf\" target=\"_blank\" rel=\"noreferrer noopener\">L&rsquo;oraison : comment ?<\/a><a href=\"https:\/\/apprendreaprier.net\/test\/edo\/wp-content\/uploads\/2023\/05\/oraisoncomment.pdf\" class=\"wp-block-file__button wp-element-button\" download aria-describedby=\"wp-block-file--media-f931b3e4-8468-43aa-b9d9-ba040a86a1fc\">T\u00e9l\u00e9charger<\/a><\/div>\n\n\n\n<h3 class=\"wp-block-heading\" id=\"le-christ-prie-en-moi\">Le Christ prie en moi<\/h3>\n\n\n\n<div data-wp-interactive=\"core\/file\" class=\"wp-block-file\"><object data-wp-bind--hidden=\"!state.hasPdfPreview\" hidden class=\"wp-block-file__embed\" data=\"https:\/\/apprendreaprier.net\/test\/edo\/wp-content\/uploads\/2023\/05\/prieenmoi.pdf\" type=\"application\/pdf\" style=\"width:100%;height:300px\" aria-label=\"Contenu embarqu\u00e9 Le Christ prie en moi.\"><\/object><a id=\"wp-block-file--media-bf7c3c69-e8c4-4a42-9a64-b322916bebef\" href=\"https:\/\/apprendreaprier.net\/test\/edo\/wp-content\/uploads\/2023\/05\/prieenmoi.pdf\">Le Christ prie en moi<\/a><a href=\"https:\/\/apprendreaprier.net\/test\/edo\/wp-content\/uploads\/2023\/05\/prieenmoi.pdf\" class=\"wp-block-file__button wp-element-button\" download aria-describedby=\"wp-block-file--media-bf7c3c69-e8c4-4a42-9a64-b322916bebef\">T\u00e9l\u00e9charger<\/a><\/div>\n\n\n\n<h3 class=\"wp-block-heading\" id=\"eloge-de-l-oraison-difficile\">\u00c9loge de l&rsquo;oraison difficile<\/h3>\n\n\n\n<div data-wp-interactive=\"core\/file\" class=\"wp-block-file\"><object data-wp-bind--hidden=\"!state.hasPdfPreview\" hidden class=\"wp-block-file__embed\" data=\"https:\/\/apprendreaprier.net\/test\/edo\/wp-content\/uploads\/2023\/05\/oraisondifficile.pdf\" type=\"application\/pdf\" style=\"width:100%;height:300px\" aria-label=\"Contenu embarqu\u00e9 \u00c9loge de l&apos;oraison difficile.\"><\/object><a id=\"wp-block-file--media-18afb21d-c852-40de-8a87-2a38e5976d02\" href=\"https:\/\/apprendreaprier.net\/test\/edo\/wp-content\/uploads\/2023\/05\/oraisondifficile.pdf\">\u00c9loge de l&rsquo;oraison difficile<\/a><a href=\"https:\/\/apprendreaprier.net\/test\/edo\/wp-content\/uploads\/2023\/05\/oraisondifficile.pdf\" class=\"wp-block-file__button wp-element-button\" download aria-describedby=\"wp-block-file--media-18afb21d-c852-40de-8a87-2a38e5976d02\">T\u00e9l\u00e9charger<\/a><\/div>\n\n\n\n<h3 class=\"wp-block-heading\" id=\"l-oraison-de-pauvrete\">L&rsquo;oraison de pauvret\u00e9<\/h3>\n\n\n\n<div data-wp-interactive=\"core\/file\" class=\"wp-block-file\"><object data-wp-bind--hidden=\"!state.hasPdfPreview\" hidden class=\"wp-block-file__embed\" data=\"https:\/\/apprendreaprier.net\/test\/edo\/wp-content\/uploads\/2023\/05\/oraisonpauvrete.pdf\" type=\"application\/pdf\" style=\"width:100%;height:300px\" aria-label=\"Contenu embarqu\u00e9 L&apos;oraison de pauvret\u00e9.\"><\/object><a id=\"wp-block-file--media-94ecad1b-9ad9-4f92-a613-e3219850a59f\" href=\"https:\/\/apprendreaprier.net\/test\/edo\/wp-content\/uploads\/2023\/05\/oraisonpauvrete.pdf\">L&rsquo;oraison de pauvret\u00e9<\/a><a href=\"https:\/\/apprendreaprier.net\/test\/edo\/wp-content\/uploads\/2023\/05\/oraisonpauvrete.pdf\" class=\"wp-block-file__button wp-element-button\" download aria-describedby=\"wp-block-file--media-94ecad1b-9ad9-4f92-a613-e3219850a59f\">T\u00e9l\u00e9charger<\/a><\/div>\n\n\n\n<h3 class=\"wp-block-heading\" id=\"l-oraison-pourquoi\">L&rsquo;oraison, pourquoi ?<\/h3>\n\n\n\n<div data-wp-interactive=\"core\/file\" class=\"wp-block-file\"><object data-wp-bind--hidden=\"!state.hasPdfPreview\" hidden class=\"wp-block-file__embed\" data=\"https:\/\/apprendreaprier.net\/test\/edo\/wp-content\/uploads\/2023\/05\/oraisonpourquoi.pdf\" type=\"application\/pdf\" style=\"width:100%;height:300px\" aria-label=\"Contenu embarqu\u00e9 L&apos;oraison, pourquoi?.\"><\/object><a id=\"wp-block-file--media-a0380797-303e-4dd1-a3db-c7c387a817ec\" href=\"https:\/\/apprendreaprier.net\/test\/edo\/wp-content\/uploads\/2023\/05\/oraisonpourquoi.pdf\">L&rsquo;oraison, pourquoi?<\/a><a href=\"https:\/\/apprendreaprier.net\/test\/edo\/wp-content\/uploads\/2023\/05\/oraisonpourquoi.pdf\" class=\"wp-block-file__button wp-element-button\" download aria-describedby=\"wp-block-file--media-a0380797-303e-4dd1-a3db-c7c387a817ec\">T\u00e9l\u00e9charger<\/a><\/div>\n","protected":false},"excerpt":{"rendered":"<p>Les enregistrements audios Cinq conf\u00e9rences Renouvelant une exp\u00e9rience faite \u00e0 Paris en 1978, qui avait rassembl\u00e9 neuf cents personnes au Palais des Congr\u00e8s, le P\u00e8re Henri Caffarel, directeur des \u00ab&nbsp;Cahiers sur l\u2019oraison&nbsp;\u00bb et de la Maison de Pri\u00e8re de Troussures, a anim\u00e9 en Novembre et D\u00e9cembre 1979, dans la grande salle parisienne de la Mutualit\u00e9, [&hellip;]<\/p>\n","protected":false},"author":2,"featured_media":0,"parent":0,"menu_order":0,"comment_status":"closed","ping_status":"closed","template":"","meta":{"_gspb_post_css":"","footnotes":""},"class_list":["post-278","page","type-page","status-publish","hentry"],"_links":{"self":[{"href":"https:\/\/apprendreaprier.net\/test\/edo\/wp-json\/wp\/v2\/pages\/278","targetHints":{"allow":["GET"]}}],"collection":[{"href":"https:\/\/apprendreaprier.net\/test\/edo\/wp-json\/wp\/v2\/pages"}],"about":[{"href":"https:\/\/apprendreaprier.net\/test\/edo\/wp-json\/wp\/v2\/types\/page"}],"author":[{"embeddable":true,"href":"https:\/\/apprendreaprier.net\/test\/edo\/wp-json\/wp\/v2\/users\/2"}],"replies":[{"embeddable":true,"href":"https:\/\/apprendreaprier.net\/test\/edo\/wp-json\/wp\/v2\/comments?post=278"}],"version-history":[{"count":11,"href":"https:\/\/apprendreaprier.net\/test\/edo\/wp-json\/wp\/v2\/pages\/278\/revisions"}],"predecessor-version":[{"id":297,"href":"https:\/\/apprendreaprier.net\/test\/edo\/wp-json\/wp\/v2\/pages\/278\/revisions\/297"}],"wp:attachment":[{"href":"https:\/\/apprendreaprier.net\/test\/edo\/wp-json\/wp\/v2\/media?parent=278"}],"curies":[{"name":"wp","href":"https:\/\/api.w.org\/{rel}","templated":true}]}}