{"id":26,"date":"2023-04-30T14:59:55","date_gmt":"2023-04-30T14:59:55","guid":{"rendered":"https:\/\/apprendreaprier.net\/test\/edo\/?page_id=26"},"modified":"2023-05-06T20:36:11","modified_gmt":"2023-05-06T20:36:11","slug":"liste-des-ecoles-doraison-repertoriees","status":"publish","type":"page","link":"https:\/\/apprendreaprier.net\/test\/edo\/liste-des-ecoles-doraison-repertoriees\/","title":{"rendered":"Liste des \u00e9coles"},"content":{"rendered":"\n<h2 class=\"wp-block-heading has-text-align-center has-luminous-vivid-amber-to-luminous-vivid-orange-gradient-background has-background\" id=\"carte-des-ecoles\">Carte des \u00e9coles<\/h2>\n\n\n\n<p><em>Attention, la carte peut ne pas \u00eatre \u00e0 jour : v\u00e9rifier dans la liste des \u00e9coles ci-dessous !<\/em><\/p>\n\n\n\n<p><\/p>\n\n\n\t\t<div\n            id=\"wpmapblock_cbfbd319\"\n            data-settings='{&quot;map_marker&quot;:[{&quot;lat&quot;:&quot;47.2186371&quot;,&quot;lng&quot;:&quot;-1.5541362&quot;,&quot;title&quot;:&quot;Nantes&quot;,&quot;content&quot;:&quot;&quot;,&quot;iconType&quot;:&quot;default&quot;,&quot;customIconUrl&quot;:&quot;&quot;,&quot;customIconWidth&quot;:&quot;25&quot;,&quot;customIconHeight&quot;:&quot;40&quot;},{&quot;lat&quot;:&quot;47.6510682&quot;,&quot;lng&quot;:&quot;-2.0842143&quot;,&quot;title&quot;:&quot;Redon&quot;,&quot;content&quot;:&quot;&quot;,&quot;iconType&quot;:&quot;default&quot;,&quot;customIconUrl&quot;:&quot;&quot;,&quot;customIconWidth&quot;:&quot;25&quot;,&quot;customIconHeight&quot;:&quot;40&quot;},{&quot;lat&quot;:&quot;50.8465573&quot;,&quot;lng&quot;:&quot;4.351697&quot;,&quot;title&quot;:&quot;Bruxelles&quot;,&quot;content&quot;:&quot;&quot;,&quot;iconType&quot;:&quot;default&quot;,&quot;customIconUrl&quot;:&quot;&quot;,&quot;customIconWidth&quot;:&quot;25&quot;,&quot;customIconHeight&quot;:&quot;40&quot;}],&quot;map_zoom&quot;:&quot;5&quot;,&quot;scroll_wheel_zoom&quot;:&quot;1&quot;,&quot;map_type&quot;:&quot;GM&quot;,&quot;center_index&quot;:0}'\n            class=\"wpmapblockrender\"\n            style=\"\n\t\t\twidth: 100%;\n\t\t\theight: 500px;\n\t\t\"\n            >\n        <\/div>\n        \n\n\n<p><\/p>\n\n\n\n<h2 class=\"wp-block-heading has-text-align-center has-luminous-vivid-amber-to-luminous-vivid-orange-gradient-background has-background\" id=\"liste-des-ecoles\">Liste des \u00e9coles<\/h2>\n\n\n\n<div class=\"wp-block-query has-global-padding is-layout-constrained wp-block-query-is-layout-constrained\"><ul class=\"wp-block-post-template is-layout-flow wp-block-post-template-is-layout-flow\"><li class=\"wp-block-post post-37 post type-post status-publish format-standard hentry category-ecole\">\n<h2 style=\"padding-top:0;padding-right:0;padding-bottom:0;padding-left:0;\" class=\"wp-block-post-title has-background has-base-background-color\"><a href=\"https:\/\/apprendreaprier.net\/test\/edo\/belgique\/\" target=\"_self\" >#Belgique<\/a><\/h2>\n\n<div class=\"wp-block-post-excerpt\"><p class=\"wp-block-post-excerpt__excerpt\">Carmel de Bruxelles : \u00a0Groupe Teresa, Ecole d&rsquo;oraison carm\u00e9litaine :\u00a0Prier le Notre P\u00e8re avec Th\u00e9r\u00e8se d&rsquo;Avila22, rue de Lausanne1060 Bruxelles &nbsp; &nbsp; &nbsp; Un samedi par mois de 10 h \u00e0 12h&nbsp;: Animation&nbsp;: les Carm\u00e9lites de Saint Joseph et le Carmel Renseignements&nbsp;: christianemeres@gmail.com et csjbruxelles@gmail.com Dioc\u00e8se de Namur : Une r\u00e9collection s&rsquo;inspirant des \u00e9crits du\u2026 <\/p><\/div>\n\n\n<hr class=\"wp-block-separator has-text-color has-primary-color has-alpha-channel-opacity has-primary-background-color has-background\"\/>\n\n\n<div class=\"wp-block-post-date\"><time datetime=\"2023-05-01T19:22:48+00:00\">1 mai 2023<\/time><\/div>\n<\/li><li class=\"wp-block-post post-41 post type-post status-publish format-standard hentry category-ecole\">\n<h2 style=\"padding-top:0;padding-right:0;padding-bottom:0;padding-left:0;\" class=\"wp-block-post-title has-background has-base-background-color\"><a href=\"https:\/\/apprendreaprier.net\/test\/edo\/ecole-par-internet\/\" target=\"_self\" >#\u00c9cole par internet<\/a><\/h2>\n\n<div class=\"wp-block-post-excerpt\"><p class=\"wp-block-post-excerpt__excerpt\">\u00a0&#8211;\u00a0O\u00f9?\u00a0En ligne sur internet&#8230; autrement dit partout ! &#8211;\u00a0Quand?\u00a0Chacun s&rsquo;inscrit quand il le souhaite : l&rsquo;\u00e9cole commence le jour de l&rsquo;inscription par la r\u00e9ception du premier mail. &#8211;\u00a0Contact :\u00a0Toutes les informations sont sur :\u00a0https:\/\/oraison.apprendreaprier.net\/\u00a0ou\u00a0https:\/\/apprendreaprier.net\/ &#8211;\u00a0Remarques :\u00a0Pendant 20 jours, vous recevrez par mail :\u00a0un\u00a0enseignement\u00a0sur le th\u00e8me du jour\u00a0;\u00a0une\u00a0m\u00e9ditation guid\u00e9e, souvent \u00e0 partir de l\u2019Evangile, pour prier,\u2026 <\/p><\/div>\n\n\n<hr class=\"wp-block-separator has-text-color has-primary-color has-alpha-channel-opacity has-primary-background-color has-background\"\/>\n\n\n<div class=\"wp-block-post-date\"><time datetime=\"2023-05-01T19:25:33+00:00\">1 mai 2023<\/time><\/div>\n<\/li><li class=\"wp-block-post post-210 post type-post status-publish format-standard hentry category-ecole\">\n<h2 style=\"padding-top:0;padding-right:0;padding-bottom:0;padding-left:0;\" class=\"wp-block-post-title has-background has-base-background-color\"><a href=\"https:\/\/apprendreaprier.net\/test\/edo\/pulse\/\" target=\"_self\" >#Pulse<\/a><\/h2>\n\n<div class=\"wp-block-post-excerpt\"><p class=\"wp-block-post-excerpt__excerpt\">Pulse &#8211; O\u00f9?\u00a0En Anjou, \u00e0 Saint-Hugues de Biviers pr\u00e8s de Grenoble, pr\u00e8s de Londres&#8230; et bient\u00f4t au Chili ! &#8211; Quand?\u00a0 En France Week-end pulse &nbsp; &nbsp;Du 20 au 22 Mars 2020 avec P\u00e8re S\u00e9bastien Coudroy &#8211;&nbsp;&nbsp;Centre St Hugues&nbsp;&#8211; 38330 Biviers&nbsp; \u00a0 Ouverture des inscriptions le 6 Janvier 2020 Week-end pulse couple &nbsp; &nbsp;Du 29\u2026 <\/p><\/div>\n\n\n<hr class=\"wp-block-separator has-text-color has-primary-color has-alpha-channel-opacity has-primary-background-color has-background\"\/>\n\n\n<div class=\"wp-block-post-date\"><time datetime=\"2023-05-03T15:05:59+00:00\">3 mai 2023<\/time><\/div>\n<\/li><li class=\"wp-block-post post-212 post type-post status-publish format-standard hentry category-ecole\">\n<h2 style=\"padding-top:0;padding-right:0;padding-bottom:0;padding-left:0;\" class=\"wp-block-post-title has-background has-base-background-color\"><a href=\"https:\/\/apprendreaprier.net\/test\/edo\/suisse\/\" target=\"_self\" >#Suisse<\/a><\/h2>\n\n<div class=\"wp-block-post-excerpt\"><p class=\"wp-block-post-excerpt__excerpt\">Ecole d\u2019Oraison de Gen\u00e8ve :&nbsp;(Communaut\u00e9 Fontaine de la Mis\u00e9ricorde) &nbsp; &nbsp; &nbsp; &nbsp; &nbsp; &nbsp; &nbsp; &nbsp; &nbsp; &nbsp; &nbsp; &nbsp; &nbsp; &nbsp; &nbsp;Lieu&nbsp;: &nbsp; Le C\u00e9nacle, 17 Promenade Charles Martin &#8211; 1208 Gen\u00e8ve Quand&nbsp;: &nbsp;Pour les 1\u00e8re ann\u00e9e : les jeudis&nbsp;&nbsp; Contact : Dominique Reymond,Mail :&nbsp;&nbsp;domiefata@hotmail.com Site internet :&nbsp;www.misericorde.ch&nbsp; &nbsp;&nbsp; Remarques&nbsp;: Organis\u00e9e par l\u2019association\u2026 <\/p><\/div>\n\n\n<hr class=\"wp-block-separator has-text-color has-primary-color has-alpha-channel-opacity has-primary-background-color has-background\"\/>\n\n\n<div class=\"wp-block-post-date\"><time datetime=\"2023-05-03T15:11:22+00:00\">3 mai 2023<\/time><\/div>\n<\/li><li class=\"wp-block-post post-216 post type-post status-publish format-standard hentry category-ecole\">\n<h2 style=\"padding-top:0;padding-right:0;padding-bottom:0;padding-left:0;\" class=\"wp-block-post-title has-background has-base-background-color\"><a href=\"https:\/\/apprendreaprier.net\/test\/edo\/auvergne-rhone-alpes\/\" target=\"_self\" >Auvergne-Rh\u00f4ne-Alpes<\/a><\/h2>\n\n<div class=\"wp-block-post-excerpt\"><p class=\"wp-block-post-excerpt__excerpt\">HAUTE SAVOIE &#8211; SAVOIE&nbsp; &#8211; RH\u00d4NE &#8211;&nbsp;ISERE&nbsp; &nbsp;Ecole d&rsquo;Oraison Carm\u00e9litaine de Haute-Savoie : Contact&nbsp;:&nbsp; Patrice Federgr\u00fcn&nbsp; Tel : 06-84-48-07-48&nbsp; &nbsp;Mail :&nbsp;ecoleoraisonannecy@yahoo.fr Remarques&nbsp;: L&rsquo;oraison chemin vers Dieu Vous vous dites peut-\u00eatre : \u00ab je suis heureux(se) de prier avec mes fr\u00e8res mais au fond de moi subsiste un d\u00e9sir persistant de prier Dieu, seul(e) dans le\u2026 <\/p><\/div>\n\n\n<hr class=\"wp-block-separator has-text-color has-primary-color has-alpha-channel-opacity has-primary-background-color has-background\"\/>\n\n\n<div class=\"wp-block-post-date\"><time datetime=\"2023-05-03T15:12:42+00:00\">3 mai 2023<\/time><\/div>\n<\/li><li class=\"wp-block-post post-39 post type-post status-publish format-standard hentry category-ecole\">\n<h2 style=\"padding-top:0;padding-right:0;padding-bottom:0;padding-left:0;\" class=\"wp-block-post-title has-background has-base-background-color\"><a href=\"https:\/\/apprendreaprier.net\/test\/edo\/bretagne\/\" target=\"_self\" >Bretagne<\/a><\/h2>\n\n<div class=\"wp-block-post-excerpt\"><p class=\"wp-block-post-excerpt__excerpt\">La Roche du Theil (Redon) &#8211;&nbsp;Rennes &#8211;&nbsp;Nantes Ecole d&rsquo;Oraison \u00e0 la Roche du Theil&nbsp;: Lieu : La Roche du Theil (Redon) Quand : Contact, inscriptions et compl\u00e9ment d&rsquo;information : http:\/\/www.larochedutheil.com\/les-activites\/decouvrir-priere-interieure\/&nbsp; Ecole d\u2019Oraison de Rennes&nbsp;session: Lieu&nbsp;:&nbsp;&nbsp; paroisse Saint Jean XXIII \u00e0 RENNESlieu :Salle paroissiale7 rue du P\u00e8re Lebret(en dessous de l\u2019\u00e9glise St Paul35 rue de Brest)35000\u2026 <\/p><\/div>\n\n\n<hr class=\"wp-block-separator has-text-color has-primary-color has-alpha-channel-opacity has-primary-background-color has-background\"\/>\n\n\n<div class=\"wp-block-post-date\"><time datetime=\"2023-05-01T19:24:19+00:00\">1 mai 2023<\/time><\/div>\n<\/li><li class=\"wp-block-post post-218 post type-post status-publish format-standard hentry category-ecole\">\n<h2 style=\"padding-top:0;padding-right:0;padding-bottom:0;padding-left:0;\" class=\"wp-block-post-title has-background has-base-background-color\"><a href=\"https:\/\/apprendreaprier.net\/test\/edo\/grand-est\/\" target=\"_self\" >Grand Est<\/a><\/h2>\n\n<div class=\"wp-block-post-excerpt\"><p class=\"wp-block-post-excerpt__excerpt\"> <\/p><\/div>\n\n\n<hr class=\"wp-block-separator has-text-color has-primary-color has-alpha-channel-opacity has-primary-background-color has-background\"\/>\n\n\n<div class=\"wp-block-post-date\"><time datetime=\"2023-05-03T15:15:36+00:00\">3 mai 2023<\/time><\/div>\n<\/li><li class=\"wp-block-post post-222 post type-post status-publish format-standard hentry category-ecole\">\n<h2 style=\"padding-top:0;padding-right:0;padding-bottom:0;padding-left:0;\" class=\"wp-block-post-title has-background has-base-background-color\"><a href=\"https:\/\/apprendreaprier.net\/test\/edo\/hauts-de-france\/\" target=\"_self\" >Hauts-de-France<\/a><\/h2>\n\n<div class=\"wp-block-post-excerpt\"><p class=\"wp-block-post-excerpt__excerpt\">Lille&nbsp;: L&rsquo;\u00e9cole d&rsquo;oraison de Lille propose des sessions d\u2019oraison depuis 2006. Six ont \u00e9t\u00e9 tenues depuis, et cette ann\u00e9e une aupr\u00e8s des \u00e9tudiants de la Catho de Lille. L\u2019ann\u00e9e derni\u00e8re une session a eu lieu sur les ondes de RCF Nord de la France. Elles ont regroup\u00e9 entre 30 et 100 personnes \u00e0 chaque fois.\u2026 <\/p><\/div>\n\n\n<hr class=\"wp-block-separator has-text-color has-primary-color has-alpha-channel-opacity has-primary-background-color has-background\"\/>\n\n\n<div class=\"wp-block-post-date\"><time datetime=\"2023-05-03T15:16:20+00:00\">3 mai 2023<\/time><\/div>\n<\/li><li class=\"wp-block-post post-224 post type-post status-publish format-standard hentry category-ecole\">\n<h2 style=\"padding-top:0;padding-right:0;padding-bottom:0;padding-left:0;\" class=\"wp-block-post-title has-background has-base-background-color\"><a href=\"https:\/\/apprendreaprier.net\/test\/edo\/ile-de-france\/\" target=\"_self\" >\u00cele-de-France<\/a><\/h2>\n\n<div class=\"wp-block-post-excerpt\"><p class=\"wp-block-post-excerpt__excerpt\">Ecole d&rsquo;Oraison \u00ab\u00a0Saint Elie\u00a0\u00bb ,Saint Germain en Laye, (Yvelines) : Lieu&nbsp;: Crypte de l&rsquo;\u00e9glise&nbsp;Saint L\u00e9ger&nbsp;rue de la Maison Verte \u00e0 Saint Germain en Laye (78100) Quand&nbsp;: Un lundi soir par mois, d&rsquo;octobre \u00e0 mai : Contact&nbsp;: Olivier Millet : 06 09 40 54 05&nbsp;&#8211;&nbsp;ocmillet@hotmail.fr Remarques&nbsp;: Cette \u00e9cole d&rsquo;oraison anim\u00e9e par des b\u00e9n\u00e9voles et des membres\u2026 <\/p><\/div>\n\n\n<hr class=\"wp-block-separator has-text-color has-primary-color has-alpha-channel-opacity has-primary-background-color has-background\"\/>\n\n\n<div class=\"wp-block-post-date\"><time datetime=\"2023-05-03T15:17:27+00:00\">3 mai 2023<\/time><\/div>\n<\/li><li class=\"wp-block-post post-226 post type-post status-publish format-standard hentry category-ecole\">\n<h2 style=\"padding-top:0;padding-right:0;padding-bottom:0;padding-left:0;\" class=\"wp-block-post-title has-background has-base-background-color\"><a href=\"https:\/\/apprendreaprier.net\/test\/edo\/nouvelle-aquitaine\/\" target=\"_self\" >Nouvelle Aquitaine<\/a><\/h2>\n\n<div class=\"wp-block-post-excerpt\"><p class=\"wp-block-post-excerpt__excerpt\">Bordeaux &#8211;&nbsp; Bergerac&nbsp;&#8211;&nbsp;Monast\u00e8re du Brousssey&nbsp; Monast\u00e8re du Broussey :&nbsp; 5 le Broussey sud 33410 Rions Tel : 0(033) 5 56 62 60 90 Vous pouvez trouver sur le site du monast\u00e8re des propositions en rapport avec l&rsquo;oraison&nbsp;:&nbsp; www.couventdubroussey.fr En 2018, les Ecoles d\u2019oraison de Bordeaux ont re\u00e7u l\u2019Ecole d\u2019oraison \u00ab&nbsp;La Passerelle&nbsp;\u00bb pour une retraite d\u00e9couverte\u2026 <\/p><\/div>\n\n\n<hr class=\"wp-block-separator has-text-color has-primary-color has-alpha-channel-opacity has-primary-background-color has-background\"\/>\n\n\n<div class=\"wp-block-post-date\"><time datetime=\"2023-05-03T15:19:51+00:00\">3 mai 2023<\/time><\/div>\n<\/li><li class=\"wp-block-post post-230 post type-post status-publish format-standard hentry category-ecole\">\n<h2 style=\"padding-top:0;padding-right:0;padding-bottom:0;padding-left:0;\" class=\"wp-block-post-title has-background has-base-background-color\"><a href=\"https:\/\/apprendreaprier.net\/test\/edo\/occitanie\/\" target=\"_self\" >Occitanie<\/a><\/h2>\n\n<div class=\"wp-block-post-excerpt\"><p class=\"wp-block-post-excerpt__excerpt\">Ecole d\u2019Oraison de Toulouse&nbsp;: Lieu&nbsp;: &nbsp; 33 avenue Jean Rieux, 31500 Toulouse &nbsp;Quand&nbsp;: Contact&nbsp;:&nbsp; Inscriptions&nbsp;: 06 50 33 16 07 Internet&nbsp;: http:\/\/carmestoulouse.org\/page.php?id=ecolesoraison &nbsp;&nbsp; Remarques&nbsp;: D\u00e9roulement des rencontres&nbsp;: \u00e9changes en petits groupes, temps d\u2019enseignement, temps d\u2019oraison. Nous invitons \u00e0 la fin du parcours les participants \u00e0 rejoindre le groupe des pers\u00e9v\u00e9rants qui se retrouvent une fois\u2026 <\/p><\/div>\n\n\n<hr class=\"wp-block-separator has-text-color has-primary-color has-alpha-channel-opacity has-primary-background-color has-background\"\/>\n\n\n<div class=\"wp-block-post-date\"><time datetime=\"2023-05-03T15:23:02+00:00\">3 mai 2023<\/time><\/div>\n<\/li><li class=\"wp-block-post post-232 post type-post status-publish format-standard hentry category-ecole\">\n<h2 style=\"padding-top:0;padding-right:0;padding-bottom:0;padding-left:0;\" class=\"wp-block-post-title has-background has-base-background-color\"><a href=\"https:\/\/apprendreaprier.net\/test\/edo\/pays-de-la-loire\/\" target=\"_self\" >Pays de la Loire<\/a><\/h2>\n\n<div class=\"wp-block-post-excerpt\"><p class=\"wp-block-post-excerpt__excerpt\">Ecole d\u2019Oraison de Lu\u00e7on : Lieu&nbsp;: &nbsp; Eglise Notre Dame de l\u2019Assomption, 85600 Bouff\u00e9r\u00e9 Quand&nbsp;: Contact&nbsp;: Maison du Dioc\u00e8se Service de la Formation et de la Vie Spirituelle 62 rue Mar\u00e9chal Joffre, CS 70249, 85006 La Roche sur Yon Cedex Tel : 02 51 44 15 70 mail : vie.spirituelle@catho85.org Remarques&nbsp;: D\u00e9roulement d&rsquo;une s\u00e9ance :\u2026 <\/p><\/div>\n\n\n<hr class=\"wp-block-separator has-text-color has-primary-color has-alpha-channel-opacity has-primary-background-color has-background\"\/>\n\n\n<div class=\"wp-block-post-date\"><time datetime=\"2023-05-03T15:25:02+00:00\">3 mai 2023<\/time><\/div>\n<\/li><li class=\"wp-block-post post-235 post type-post status-publish format-standard hentry category-ecole\">\n<h2 style=\"padding-top:0;padding-right:0;padding-bottom:0;padding-left:0;\" class=\"wp-block-post-title has-background has-base-background-color\"><a href=\"https:\/\/apprendreaprier.net\/test\/edo\/provence-alpes-cote-dazur\/\" target=\"_self\" >Provence-Alpes-C\u00f4te d&rsquo;Azur<\/a><\/h2>\n\n<div class=\"wp-block-post-excerpt\"><p class=\"wp-block-post-excerpt__excerpt\">Ecole d\u2019Oraison de Toulon : Lieu&nbsp;:&nbsp;&nbsp; \u00c9glise Notre-Dame des Routes, 45, chemin de la Chapelle Notre Dame, 83200 Toulon &nbsp; &nbsp; &nbsp; &nbsp; &nbsp; &nbsp; &nbsp; &nbsp; &nbsp; &nbsp; &nbsp; &nbsp; Ligne 3, arr\u00eat Bouzigues (nocturne le jeudi) Quand&nbsp;:&nbsp; 2 jeudis soir par mois, de septembre \u00e0 mars&nbsp; de 20h \u00e0 22h Contact&nbsp;: Renseignements, pr\u00e9-inscription\u2026 <\/p><\/div>\n\n\n<hr class=\"wp-block-separator has-text-color has-primary-color has-alpha-channel-opacity has-primary-background-color has-background\"\/>\n\n\n<div class=\"wp-block-post-date\"><time datetime=\"2023-05-03T15:28:42+00:00\">3 mai 2023<\/time><\/div>\n<\/li><\/ul><\/div>\n\n\n\n<p class=\"has-text-align-center has-regular-font-size\"><em>Nous pouvons aussi vous aider \u00e0 fonder votre \u00e9cole ! N&rsquo;h\u00e9sitez pas \u00e0 nous <a href=\"https:\/\/apprendreaprier.net\/test\/edo\/contact\/\" data-type=\"post\" data-id=\"72\">contacter<\/a> !<\/em><\/p>\n","protected":false},"excerpt":{"rendered":"<p>Carte des \u00e9coles Attention, la carte peut ne pas \u00eatre \u00e0 jour : v\u00e9rifier dans la liste des \u00e9coles ci-dessous ! Liste des \u00e9coles Nous pouvons aussi vous aider \u00e0 fonder votre \u00e9cole ! N&rsquo;h\u00e9sitez pas \u00e0 nous contacter !<\/p>\n","protected":false},"author":2,"featured_media":0,"parent":0,"menu_order":0,"comment_status":"closed","ping_status":"closed","template":"","meta":{"_gspb_post_css":"","footnotes":""},"class_list":["post-26","page","type-page","status-publish","hentry"],"_links":{"self":[{"href":"https:\/\/apprendreaprier.net\/test\/edo\/wp-json\/wp\/v2\/pages\/26","targetHints":{"allow":["GET"]}}],"collection":[{"href":"https:\/\/apprendreaprier.net\/test\/edo\/wp-json\/wp\/v2\/pages"}],"about":[{"href":"https:\/\/apprendreaprier.net\/test\/edo\/wp-json\/wp\/v2\/types\/page"}],"author":[{"embeddable":true,"href":"https:\/\/apprendreaprier.net\/test\/edo\/wp-json\/wp\/v2\/users\/2"}],"replies":[{"embeddable":true,"href":"https:\/\/apprendreaprier.net\/test\/edo\/wp-json\/wp\/v2\/comments?post=26"}],"version-history":[{"count":14,"href":"https:\/\/apprendreaprier.net\/test\/edo\/wp-json\/wp\/v2\/pages\/26\/revisions"}],"predecessor-version":[{"id":295,"href":"https:\/\/apprendreaprier.net\/test\/edo\/wp-json\/wp\/v2\/pages\/26\/revisions\/295"}],"wp:attachment":[{"href":"https:\/\/apprendreaprier.net\/test\/edo\/wp-json\/wp\/v2\/media?parent=26"}],"curies":[{"name":"wp","href":"https:\/\/api.w.org\/{rel}","templated":true}]}}